{"id":1082,"date":"2019-04-17T05:25:48","date_gmt":"2019-04-17T05:25:48","guid":{"rendered":"http:\/\/www.insigniawpthemes.co.in\/emerson\/?page_id=1082"},"modified":"2022-03-08T14:52:00","modified_gmt":"2022-03-08T14:52:00","slug":"yonetilen-it","status":"publish","type":"page","link":"https:\/\/www.provit.com.tr\/index.php\/yonetilen-it\/","title":{"rendered":"Y\u00f6netilen IT"},"content":{"rendered":"<section class=\"wpb-content-wrapper\"><p>[vc_row full_width=&#8221;stretch_row&#8221; bg_overlay=&#8221;dark30&#8243; css=&#8221;.vc_custom_1588540002196{padding-top: 170px !important;padding-bottom: 90px !important;background-image: url(https:\/\/www.provit.com.tr\/wp-content\/uploads\/2020\/05\/managed-it-services.jpg?id=7066) !important;background-position: center !important;background-repeat: no-repeat !important;background-size: cover !important;}&#8221;][vc_column][vc_custom_heading text=&#8221;Y\u00f6netilen IT Hizmetleri&#8221; font_container=&#8221;tag:h1|text_align:center|color:%23ffffff&#8221; use_theme_fonts=&#8221;yes&#8221; css=&#8221;.vc_custom_1588362096061{margin-bottom: 15px !important;}&#8221;][vc_custom_heading text=&#8221;Yenilik\u00e7i IT \u00e7\u00f6z\u00fcmleri ile maliyeti ve karma\u015f\u0131kl\u0131\u011f\u0131 azaltman\u0131za yard\u0131mc\u0131 olur&#8221; font_container=&#8221;tag:p|font_size:17px|text_align:center|color:%23ffffff|line_height:30px&#8221; use_theme_fonts=&#8221;yes&#8221;][\/vc_column][\/vc_row][vc_row css=&#8221;.vc_custom_1555564250127{margin-top: 40px !important;margin-bottom: 50px !important;}&#8221;][vc_column][vc_custom_heading text=&#8221;GENEL BAKI\u015e&#8221; font_container=&#8221;tag:h6|text_align:left|color:%23baa1c9&#8243; use_theme_fonts=&#8221;yes&#8221; css_animation=&#8221;fadeIn&#8221; el_class=&#8221;letter-spacing-2 text-uppercase&#8221;][vc_custom_heading text=&#8221;Y\u00f6netilen IT hizmetleri nedir?&#8221; font_container=&#8221;tag:h3|text_align:left&#8221; use_theme_fonts=&#8221;yes&#8221; css_animation=&#8221;fadeIn&#8221; css=&#8221;.vc_custom_1588362478133{margin-bottom: 20px !important;}&#8221;][vc_custom_heading text=&#8221;Y\u00f6netilen IT Hizmetleri, i\u015fletmenizin Bilgi Teknolojisini g\u00fcvenilir bir IT \u015firketine d\u0131\u015f kaynak olarak sa\u011flad\u0131\u011f\u0131n\u0131zda, \u00e7al\u0131\u015fanlar\u0131n\u0131za IT altyap\u0131n\u0131z\u0131 proaktif ve stratejik bir \u015fekilde y\u00f6netirken sabit bir fiyata s\u0131n\u0131rs\u0131z IT deste\u011fi sa\u011flar.&#8221; font_container=&#8221;tag:p|font_size:17px|text_align:left|line_height:28px&#8221; use_theme_fonts=&#8221;yes&#8221; css_animation=&#8221;fadeIn&#8221;][vc_row_inner gap=&#8221;30&#8243; css=&#8221;.vc_custom_1555496091015{margin-top: 40px !important;}&#8221;][vc_column_inner width=&#8221;1\/2&#8243;]<div id='ins-icon-69e11bd6d1679' class='ins-icon-wrapper last-paragraph-no-margin margin-20px-bottom    ins-animated fadeInUp' data-animation-delay=200><div class='ins-icon-box-icon margin-15px-bottom ins-icon-box-icon-near-title'><i class='icon-box-icon iconsmind-Yes'><\/i><p class='ins-icon-box-title title-font font-weight-700 select'>S\u0131n\u0131rs\u0131z Yard\u0131m Masas\u0131 Deste\u011fi<\/p><\/div><div class='ins-icon-box-content'><\/div><\/div><script type=\"text\/javascript\">\n\t\t(function(jQuery) {jQuery(\"head\").append(\"<style>#ins-icon-69e11bd6d1679 .ins-icon-box-title, #ins-icon-69e11bd6d1679 .ins-float-icon-box-title {color: #223645;}<\/style>\")\n\t\t\t\t\t})(jQuery);\n\t\t\t\t\t\t<\/script>[\/vc_column_inner][vc_column_inner width=&#8221;1\/2&#8243;]<div id='ins-icon-69e11bd6d16b4' class='ins-icon-wrapper last-paragraph-no-margin margin-20px-bottom    ins-animated fadeInUp' data-animation-delay=400><div class='ins-icon-box-icon margin-15px-bottom ins-icon-box-icon-near-title'><i class='icon-box-icon iconsmind-Yes'><\/i><p class='ins-icon-box-title title-font font-weight-700 select'>A\u011f \u0130zleme<\/p><\/div><div class='ins-icon-box-content'><\/div><\/div><script type=\"text\/javascript\">\n\t\t(function(jQuery) {jQuery(\"head\").append(\"<style>#ins-icon-69e11bd6d16b4 .ins-icon-box-title, #ins-icon-69e11bd6d16b4 .ins-float-icon-box-title {color: #223645;}<\/style>\")\n\t\t\t\t\t})(jQuery);\n\t\t\t\t\t\t<\/script>[\/vc_column_inner][\/vc_row_inner][vc_row_inner gap=&#8221;30&#8243;][vc_column_inner width=&#8221;1\/2&#8243;]<div id='ins-icon-69e11bd6d16d9' class='ins-icon-wrapper last-paragraph-no-margin margin-20px-bottom    ins-animated fadeInUp' data-animation-delay=200><div class='ins-icon-box-icon margin-15px-bottom ins-icon-box-icon-near-title'><i class='icon-box-icon iconsmind-Yes'><\/i><p class='ins-icon-box-title title-font font-weight-700 select'>Kapsaml\u0131 Veri Yedekleme<\/p><\/div><div class='ins-icon-box-content'><\/div><\/div><script type=\"text\/javascript\">\n\t\t(function(jQuery) {jQuery(\"head\").append(\"<style>#ins-icon-69e11bd6d16d9 .ins-icon-box-title, #ins-icon-69e11bd6d16d9 .ins-float-icon-box-title {color: #223645;}<\/style>\")\n\t\t\t\t\t})(jQuery);\n\t\t\t\t\t\t<\/script>[\/vc_column_inner][vc_column_inner width=&#8221;1\/2&#8243;]<div id='ins-icon-69e11bd6d16f8' class='ins-icon-wrapper last-paragraph-no-margin margin-20px-bottom    ins-animated fadeInUp' data-animation-delay=400><div class='ins-icon-box-icon margin-15px-bottom ins-icon-box-icon-near-title'><i class='icon-box-icon iconsmind-Yes'><\/i><p class='ins-icon-box-title title-font font-weight-700 select'>Geli\u015fmi\u015f Siber G\u00fcvenlik<\/p><\/div><div class='ins-icon-box-content'><\/div><\/div><script type=\"text\/javascript\">\n\t\t(function(jQuery) {jQuery(\"head\").append(\"<style>#ins-icon-69e11bd6d16f8 .ins-icon-box-title, #ins-icon-69e11bd6d16f8 .ins-float-icon-box-title {color: #223645;}<\/style>\")\n\t\t\t\t\t})(jQuery);\n\t\t\t\t\t\t<\/script>[\/vc_column_inner][\/vc_row_inner][\/vc_column][\/vc_row][vc_row full_width=&#8221;stretch_row&#8221; bg_overlay=&#8221;dark70&#8243; css=&#8221;.vc_custom_1557744900987{margin-bottom: 50px !important;background-image: url(http:\/\/www.insigniawpthemes.co.in\/innvoke\/wp-content\/uploads\/2019\/04\/service-banner.jpg?id=1155) !important;background-position: center !important;background-repeat: no-repeat !important;background-size: cover !important;}&#8221;][vc_column css=&#8221;.vc_custom_1555507892447{padding-top: 100px !important;padding-right: 70px !important;padding-bottom: 90px !important;padding-left: 70px !important;}&#8221;][vc_row_inner][vc_column_inner width=&#8221;1\/12&#8243;][\/vc_column_inner][vc_column_inner width=&#8221;5\/6&#8243;][vc_custom_heading text=&#8221;Sorunlar\u0131n en ba\u015fta ortaya \u00e7\u0131kmas\u0131n\u0131 \u00f6nlemek i\u00e7in proaktif olarak i\u015fletmenizin teknolojisinin her y\u00f6n\u00fcn\u00fc izleyece\u011fiz.&#8221; font_container=&#8221;tag:h2|text_align:center|color:%23ffffff&#8221; use_theme_fonts=&#8221;yes&#8221; css_animation=&#8221;fadeIn&#8221; el_class=&#8221;font-weight-500&#8243;][\/vc_column_inner][vc_column_inner width=&#8221;1\/12&#8243;][\/vc_column_inner][\/vc_row_inner][\/vc_column][\/vc_row]<\/p>\n<\/section>","protected":false},"excerpt":{"rendered":"<p>[vc_row full_width=&#8221;stretch_row&#8221; bg_overlay=&#8221;dark30&#8243; css=&#8221;.vc_custom_1588540002196{padding-top: 170px !important;padding-bottom: 90px !important;background-image: url(https:\/\/www.provit.com.tr\/wp-content\/uploads\/2020\/05\/managed-it-services.jpg?id=7066) !important;background-position: center !important;background-repeat: no-repeat !important;background-size: cover !important;}&#8221;][vc_column][vc_custom_heading text=&#8221;Y\u00f6netilen IT Hizmetleri&#8221; font_container=&#8221;tag:h1|text_align:center|color:%23ffffff&#8221; [&hellip;]<\/p>\n","protected":false},"author":9,"featured_media":0,"parent":0,"menu_order":0,"comment_status":"closed","ping_status":"closed","template":"","meta":{"footnotes":""},"class_list":["post-1082","page","type-page","status-publish","hentry"],"_links":{"self":[{"href":"https:\/\/www.provit.com.tr\/index.php\/wp-json\/wp\/v2\/pages\/1082","targetHints":{"allow":["GET"]}}],"collection":[{"href":"https:\/\/www.provit.com.tr\/index.php\/wp-json\/wp\/v2\/pages"}],"about":[{"href":"https:\/\/www.provit.com.tr\/index.php\/wp-json\/wp\/v2\/types\/page"}],"author":[{"embeddable":true,"href":"https:\/\/www.provit.com.tr\/index.php\/wp-json\/wp\/v2\/users\/9"}],"replies":[{"embeddable":true,"href":"https:\/\/www.provit.com.tr\/index.php\/wp-json\/wp\/v2\/comments?post=1082"}],"version-history":[{"count":5,"href":"https:\/\/www.provit.com.tr\/index.php\/wp-json\/wp\/v2\/pages\/1082\/revisions"}],"predecessor-version":[{"id":7218,"href":"https:\/\/www.provit.com.tr\/index.php\/wp-json\/wp\/v2\/pages\/1082\/revisions\/7218"}],"wp:attachment":[{"href":"https:\/\/www.provit.com.tr\/index.php\/wp-json\/wp\/v2\/media?parent=1082"}],"curies":[{"name":"wp","href":"https:\/\/api.w.org\/{rel}","templated":true}]}}