{"id":412,"date":"2019-03-28T09:54:03","date_gmt":"2019-03-28T09:54:03","guid":{"rendered":"http:\/\/www.insigniawpthemes.co.in\/emerson\/?page_id=412"},"modified":"2026-02-17T10:44:32","modified_gmt":"2026-02-17T10:44:32","slug":"provit","status":"publish","type":"page","link":"https:\/\/www.provit.com.tr\/","title":{"rendered":"Anasayfa"},"content":{"rendered":"<section class=\"wpb-content-wrapper\"><p>[vc_row][vc_column][rev_slider_vc alias=&#8221;home-3&#8243;]<div id='ins-service-box69d25e45629f4' class='ins-service-box-wrapper   ins-animated fadeIn' data-animation-delay=200><div class='ins-service-box-inner'><a class='service-box-link service-box-main' href='https:\/\/898.tv\/provitsupport' target='_blank'><span class='service-box-title'>Uzaktan Destek<\/span><span class='service-box-icon'><i class='fa fa-arrow-circle-o-right service-box-icon1' aria-hidden='true'><\/i><i class='fa fa-arrow-circle-o-right service-box-icon2' aria-hidden='true'><\/i><\/span><\/a><\/div><\/div><script type=\"text\/javascript\">\n\t\t(function(jQuery) {\n\t\t\t\t\t})(jQuery);\n\t\t\t\t\t\t<\/script>[\/vc_column][\/vc_row][vc_row gap=&#8221;20&#8243; css=&#8221;.vc_custom_1552469779849{margin-top: 40px !important;margin-bottom: 70px !important;}&#8221;][vc_column offset=&#8221;vc_col-lg-6 vc_col-md-6&#8243;][vc_single_image image=&#8221;2315&#8243; img_size=&#8221;full&#8221;][\/vc_column][vc_column offset=&#8221;vc_col-lg-6 vc_col-md-6&#8243;][vc_custom_heading text=&#8221;\u0130\u015fletmeniz i\u00e7in IT Uzmanl\u0131\u011f\u0131&#8221; font_container=&#8221;tag:h6|text_align:left|color:%23baa1c9&#8243; use_theme_fonts=&#8221;yes&#8221; css_animation=&#8221;fadeIn&#8221; el_class=&#8221;text-uppercase letter-spacing-2 font-weight-600&#8243;][vc_custom_heading text=&#8221;\u0130\u015finizi sorunsuz ve g\u00fcvenli bir \u015fekilde y\u00fcr\u00fctmenizi sa\u011flar.&#8221; font_container=&#8221;tag:h3|text_align:left&#8221; use_theme_fonts=&#8221;yes&#8221; css_animation=&#8221;fadeIn&#8221; css=&#8221;.vc_custom_1571169512430{margin-bottom: 20px !important;}&#8221;][vc_custom_heading text=&#8221;Ge\u00e7ti\u011fimiz 16 y\u0131l boyunca Yayg\u0131n, Uygun Maliyetli ve Verimli olan g\u00fcvenli ve g\u00fcvenilir IT altyap\u0131s\u0131 \u00c7\u00f6z\u00fcmleriyle i\u015f ba\u015far\u0131s\u0131n\u0131 g\u00fc\u00e7lendiriyor ve sa\u011fl\u0131yoruz.&#8221; font_container=&#8221;tag:p|font_size:17px|text_align:left|line_height:29px&#8221; use_theme_fonts=&#8221;yes&#8221; css_animation=&#8221;fadeIn&#8221; css=&#8221;.vc_custom_1650435693390{margin-bottom: 30px !important;}&#8221;][vc_custom_heading text=&#8221;Bizi aray\u0131n, t\u00fcm sorular\u0131n\u0131z\u0131 cevaplayal\u0131m.&#8221; font_container=&#8221;tag:h5|text_align:left&#8221; use_theme_fonts=&#8221;yes&#8221; css_animation=&#8221;fadeIn&#8221; css=&#8221;.vc_custom_1570692381338{margin-bottom: 15px !important;}&#8221;][vc_raw_html]JTNDZGl2JTIwc3R5bGUlM0QlMjJkaXNwbGF5JTNBJTIwZmxleCUzQiUyMiUzRSUzQ2g0JTIwY2xhc3MlM0QlMjJwYyUyMiUzRTAlMjgyMzIlMjklMjA0NDElMjA2NDc0JTNDJTJGZGl2JTNF[\/vc_raw_html][\/vc_column][\/vc_row][vc_row full_width=&#8221;stretch_row&#8221; video_bg=&#8221;yes&#8221; bg_overlay=&#8221;dark70&#8243; css=&#8221;.vc_custom_1571173835741{background-image: url(http:\/\/www.insigniawpthemes.co.in\/innvoke\/wp-content\/uploads\/2019\/04\/emerson-about.jpg?id=1553) !important;background-position: center !important;background-repeat: no-repeat !important;background-size: cover !important;}&#8221; el_class=&#8221;parallax&#8221;][vc_column enable_shadow=&#8221;true&#8221; css=&#8221;.vc_custom_1570644763206{padding-top: 100px !important;padding-bottom: 85px !important;}&#8221;][vc_row_inner][vc_column_inner width=&#8221;1\/2&#8243; offset=&#8221;vc_col-lg-3 vc_col-md-3&#8243;]<div id=\"counter-69d25e4562a3c\" class=\"ins-counter-element text-center   counter-with-icon default   ins-animated fadeInUp\" data-animation-delay=200 data-perc=\"320\"><div class=\"ins-counter-icon margin-15px-bottom\"><i class=\"iconsmind-Business-Man\"><\/i><\/div><div class=\"ins-counter-content\"><span class=\"ins-counter ins-counter-number title-font margin-10px-bottom font-weight-700\">320<\/span><span class=\"ins-counter-units title-font margin-10px-bottom font-weight-700\">+<\/span><div class=\"ins-counter-title margin-10px-bottom margin-10px-top title-font  font-weight-700 letter-spacing-1\">M\u00fc\u015fteri<\/div><\/div><\/div><script type=\"text\/javascript\">\n\t\t(function(jQuery) {jQuery(\"head\").append(\"<style>#counter-69d25e4562a3c .ins-counter-number, #counter-69d25e4562a3c .ins-counter-units{font-size: 60px; line-height: 65px;}#counter-69d25e4562a3c .ins-counter-title{font-size: 20px; line-height: 25px;}#counter-69d25e4562a3c .ins-counter-icon{font-size: 60px; line-height: 65px;}#counter-69d25e4562a3c .ins-counter-number{color: #ffffff;}#counter-69d25e4562a3c .ins-counter-units{color: #ffffff;}#counter-69d25e4562a3c .ins-counter-title{color: #d6d6d6;}#counter-69d25e4562a3c .ins-counter-icon{color: #dbc7f9; }<\/style>\")\n\t\t\t\t\t})(jQuery);\n\t\t\t\t\t\t<\/script>[\/vc_column_inner][vc_column_inner width=&#8221;1\/2&#8243; offset=&#8221;vc_col-lg-3 vc_col-md-3&#8243;]<div id=\"counter-69d25e4562a7c\" class=\"ins-counter-element text-center   counter-with-icon default   ins-animated fadeInUp\" data-animation-delay=400 data-perc=\"260\"><div class=\"ins-counter-icon margin-15px-bottom\"><i class=\"iconsmind-Cloud-Computer\"><\/i><\/div><div class=\"ins-counter-content\"><span class=\"ins-counter ins-counter-number title-font margin-10px-bottom font-weight-700\">260<\/span><span class=\"ins-counter-units title-font margin-10px-bottom font-weight-700\">+<\/span><div class=\"ins-counter-title margin-10px-bottom margin-10px-top title-font  font-weight-700 letter-spacing-1\">Tamamlanm\u0131\u015f Proje<\/div><\/div><\/div><script type=\"text\/javascript\">\n\t\t(function(jQuery) {jQuery(\"head\").append(\"<style>#counter-69d25e4562a7c .ins-counter-number, #counter-69d25e4562a7c .ins-counter-units{font-size: 60px; line-height: 65px;}#counter-69d25e4562a7c .ins-counter-title{font-size: 20px; line-height: 25px;}#counter-69d25e4562a7c .ins-counter-icon{font-size: 60px; line-height: 65px;}#counter-69d25e4562a7c .ins-counter-number{color: #ffffff;}#counter-69d25e4562a7c .ins-counter-units{color: #ffffff;}#counter-69d25e4562a7c .ins-counter-title{color: #d6d6d6;}#counter-69d25e4562a7c .ins-counter-icon{color: #baa1c9; }<\/style>\")\n\t\t\t\t\t})(jQuery);\n\t\t\t\t\t\t<\/script>[\/vc_column_inner][vc_column_inner width=&#8221;1\/2&#8243; offset=&#8221;vc_col-lg-3 vc_col-md-3&#8243;]<div id=\"counter-69d25e4562aa9\" class=\"ins-counter-element text-center   counter-with-icon default   ins-animated fadeInUp\" data-animation-delay=600 data-perc=\"30\"><div class=\"ins-counter-icon margin-15px-bottom\"><i class=\"iconsmind-Support\"><\/i><\/div><div class=\"ins-counter-content\"><span class=\"ins-counter ins-counter-number title-font margin-10px-bottom font-weight-700\">30<\/span><div class=\"ins-counter-title margin-10px-bottom margin-10px-top title-font  font-weight-700 letter-spacing-1\">Uzman Dan\u0131\u015fman<\/div><\/div><\/div><script type=\"text\/javascript\">\n\t\t(function(jQuery) {jQuery(\"head\").append(\"<style>#counter-69d25e4562aa9 .ins-counter-number, #counter-69d25e4562aa9 .ins-counter-units{font-size: 60px; line-height: 65px;}#counter-69d25e4562aa9 .ins-counter-title{font-size: 20px; line-height: 25px;}#counter-69d25e4562aa9 .ins-counter-icon{font-size: 60px; line-height: 65px;}#counter-69d25e4562aa9 .ins-counter-number{color: #ffffff;}#counter-69d25e4562aa9 .ins-counter-title{color: #d6d6d6;}#counter-69d25e4562aa9 .ins-counter-icon{color: #baa1c9; }<\/style>\")\n\t\t\t\t\t})(jQuery);\n\t\t\t\t\t\t<\/script>[\/vc_column_inner][vc_column_inner width=&#8221;1\/2&#8243; offset=&#8221;vc_col-lg-3 vc_col-md-3&#8243;]<div id=\"counter-69d25e4562ad4\" class=\"ins-counter-element text-center   counter-with-icon default   ins-animated fadeInUp\" data-animation-delay=800 data-perc=\"12.783\"><div class=\"ins-counter-icon margin-15px-bottom\"><i class=\"iconsmind-Coffee\"><\/i><\/div><div class=\"ins-counter-content\"><span class=\"ins-counter ins-counter-number title-font margin-10px-bottom font-weight-700\">12.783<\/span><span class=\"ins-counter-units title-font margin-10px-bottom font-weight-700\">+<\/span><div class=\"ins-counter-title margin-10px-bottom margin-10px-top title-font  font-weight-700 letter-spacing-1\">Bardak Kahve<\/div><\/div><\/div><script type=\"text\/javascript\">\n\t\t(function(jQuery) {jQuery(\"head\").append(\"<style>#counter-69d25e4562ad4 .ins-counter-number, #counter-69d25e4562ad4 .ins-counter-units{font-size: 60px; line-height: 65px;}#counter-69d25e4562ad4 .ins-counter-title{font-size: 20px; line-height: 25px;}#counter-69d25e4562ad4 .ins-counter-icon{font-size: 60px; line-height: 65px;}#counter-69d25e4562ad4 .ins-counter-number{color: #ffffff;}#counter-69d25e4562ad4 .ins-counter-units{color: #ffffff;}#counter-69d25e4562ad4 .ins-counter-title{color: #d6d6d6;}#counter-69d25e4562ad4 .ins-counter-icon{color: #baa1c9; }<\/style>\")\n\t\t\t\t\t})(jQuery);\n\t\t\t\t\t\t<\/script>[\/vc_column_inner][\/vc_row_inner][\/vc_column][\/vc_row][vc_row full_width=&#8221;stretch_row&#8221; equal_height=&#8221;yes&#8221; css=&#8221;.vc_custom_1557316967230{background-color: #223645 !important;}&#8221;][vc_column width=&#8221;1\/3&#8243; css=&#8221;.vc_custom_1552289453368{border-right-width: 1px !important;padding-top: 50px !important;padding-right: 25px !important;padding-bottom: 20px !important;padding-left: 25px !important;border-right-color: rgba(255,255,255,0.11) !important;border-right-style: solid !important;}&#8221;]<div id='ins-icon-69d25e4562b34' class='ins-float-icon-wrapper margin-20px-bottom ins-icon-box-align-left-basic   ins-animated fadeInUp' data-animation-delay=200><div class='ins-float-icon-inner position-relative'><i class='link-icon text-medium-gray icon-medium iconsmind-Support'><\/i><\/div><div class='ins-float-icon-box-content'><div class='ins-float-icon-box-title text-extra-dark-gray margin-5px-bottom title-font font-weight-600 text-large letter-spacing-1'>24\/7 IT Destek<\/div><div class='last-paragraph-no-margin'><p class='ins-float-icon-box-text  default'>Uzmanlar\u0131m\u0131z 24\/7, y\u0131lda 365 g\u00fcn IT deste\u011fi sa\u011flar.<\/p><\/div><\/div><\/div><script type=\"text\/javascript\">\n\t\t(function(jQuery) {jQuery(\"head\").append(\"<style>#ins-icon-69d25e4562b34 .ins-icon-box-title, #ins-icon-69d25e4562b34 .ins-float-icon-box-title {color: #ffffff;}#ins-icon-69d25e4562b34 .ins-icon-box-text, #ins-icon-69d25e4562b34 .ins-float-icon-box-text {color: #d6d6d6;}<\/style>\")\n\t\t\t\t\t})(jQuery);\n\t\t\t\t\t\t<\/script>[\/vc_column][vc_column width=&#8221;1\/3&#8243; css=&#8221;.vc_custom_1552289516694{border-right-width: 1px !important;padding-top: 50px !important;padding-right: 25px !important;padding-bottom: 20px !important;padding-left: 25px !important;border-right-color: rgba(255,255,255,0.1) !important;border-right-style: solid !important;}&#8221;]<div id='ins-icon-69d25e4562b6c' class='ins-float-icon-wrapper margin-20px-bottom ins-icon-box-align-left-basic   ins-animated fadeInUp' data-animation-delay=400><div class='ins-float-icon-inner position-relative'><i class='link-icon text-medium-gray icon-medium iconsmind-Rocket'><\/i><\/div><div class='ins-float-icon-box-content'><div class='ins-float-icon-box-title text-extra-dark-gray margin-5px-bottom title-font font-weight-600 text-large letter-spacing-1'>S\u00fcper H\u0131zl\u0131 Servis<\/div><div class='last-paragraph-no-margin'><p class='ins-float-icon-box-text  default'>Uzmanlar\u0131m\u0131z IT sorunlar\u0131n\u0131za 10 dakika i\u00e7inde yan\u0131t verir.<\/p><\/div><\/div><\/div><script type=\"text\/javascript\">\n\t\t(function(jQuery) {jQuery(\"head\").append(\"<style>#ins-icon-69d25e4562b6c .ins-icon-box-title, #ins-icon-69d25e4562b6c .ins-float-icon-box-title {color: #ffffff;}#ins-icon-69d25e4562b6c .ins-icon-box-text, #ins-icon-69d25e4562b6c .ins-float-icon-box-text {color: #d6d6d6;}<\/style>\")\n\t\t\t\t\t})(jQuery);\n\t\t\t\t\t\t<\/script>[\/vc_column][vc_column width=&#8221;1\/3&#8243; css=&#8221;.vc_custom_1552289522202{padding-top: 50px !important;padding-right: 25px !important;padding-bottom: 20px !important;padding-left: 25px !important;}&#8221;]<div id='ins-icon-69d25e4562b9c' class='ins-float-icon-wrapper margin-20px-bottom ins-icon-box-align-left-basic   ins-animated fadeInUp' data-animation-delay=600><div class='ins-float-icon-inner position-relative'><i class='link-icon text-medium-gray icon-medium iconsmind-Medal-2'><\/i><\/div><div class='ins-float-icon-box-content'><div class='ins-float-icon-box-title text-extra-dark-gray margin-5px-bottom title-font font-weight-600 text-large letter-spacing-1'>IT Uzmanl\u0131\u011f\u0131<\/div><div class='last-paragraph-no-margin'><p class='ins-float-icon-box-text  default'>Ekibimiz g\u00fcvenilir IT deste\u011fi sa\u011flayacak \u015fekilde e\u011fitilmi\u015f ve sertifikaland\u0131r\u0131lm\u0131\u015ft\u0131r.<\/p><\/div><\/div><\/div><script type=\"text\/javascript\">\n\t\t(function(jQuery) {jQuery(\"head\").append(\"<style>#ins-icon-69d25e4562b9c .ins-icon-box-title, #ins-icon-69d25e4562b9c .ins-float-icon-box-title {color: #ffffff;}#ins-icon-69d25e4562b9c .ins-icon-box-text, #ins-icon-69d25e4562b9c .ins-float-icon-box-text {color: #d6d6d6;}<\/style>\")\n\t\t\t\t\t})(jQuery);\n\t\t\t\t\t\t<\/script>[\/vc_column][\/vc_row][vc_row full_width=&#8221;stretch_row&#8221; css=&#8221;.vc_custom_1553594184932{background-color: #f3f3f3 !important;}&#8221;][vc_column css=&#8221;.vc_custom_1553593509478{padding-top: 100px !important;padding-bottom: 100px !important;}&#8221;][vc_row_inner][vc_column_inner width=&#8221;1\/6&#8243;][\/vc_column_inner][vc_column_inner width=&#8221;2\/3&#8243;][vc_custom_heading text=&#8221;Neden bizi tercih etmelisiniz&#8221; font_container=&#8221;tag:h6|text_align:center|color:%23baa1c9&#8243; use_theme_fonts=&#8221;yes&#8221; css_animation=&#8221;fadeIn&#8221; el_class=&#8221;letter-spacing-2 font-weight-600 text-uppercase&#8221;]<div id='ins-heading-69d25e4562bc0' class='section-heading ins-heading text-center heading-below-border ins-border-solid   ins-animated fadeIn'  style='margin-top:0; margin-bottom:0'><h2 class='section-heading-title margin-10px-top  default no-letter-spacing'>IT Deste\u011fi ile Ba\u015far\u0131ya Ula\u015f\u0131n<\/h2><\/div><script type=\"text\/javascript\">\n\t\t(function(jQuery) {jQuery(\"head\").append(\"<style>#ins-heading-69d25e4562bc0.heading-below-border:after, #ins-heading-69d25e4562bc0.heading-inline-border .section-heading-title:before, #ins-heading-69d25e4562bc0.heading-inline-border .section-heading-title:after, #ins-heading-69d25e4562bc0.heading-inline-double-border .section-heading-title:before, #ins-heading-69d25e4562bc0.heading-inline-double-border .section-heading-title:after {border-color: #baa1c9;}<\/style>\")\n\t\t\t\t\t})(jQuery);\n\t\t\t\t\t\t<\/script>[vc_empty_space height=&#8221;50px&#8221;][\/vc_column_inner][vc_column_inner width=&#8221;1\/6&#8243;][\/vc_column_inner][\/vc_row_inner][vc_row_inner][vc_column_inner offset=&#8221;vc_col-lg-4 vc_col-md-4&#8243;]<div id='ins-icon-69d25e4562be8' class='ins-float-icon-wrapper margin-20px-bottom ins-icon-box-align-left-basic   vc_custom_1588329449160 ins-animated fadeInUp' ><div class='ins-float-icon-inner position-relative'><i class='link-icon text-medium-gray icon-medium iconsmind-Time-Backup'><\/i><\/div><div class='ins-float-icon-box-content'><div class='ins-float-icon-box-title text-extra-dark-gray margin-5px-bottom title-font font-weight-500 text-medium select'>Operasyonel M\u00fckemmellik<\/div><div class='last-paragraph-no-margin'><p class='ins-float-icon-box-text  default'>\u015eirketimiz, operasyonel m\u00fckemmelli\u011fi hedefleyen topyek\u00fbn bir y\u00f6netim felsefesi benimsemi\u015ftir.<\/p><\/div><\/div><\/div><script type=\"text\/javascript\">\n\t\t(function(jQuery) {jQuery(\"head\").append(\"<style>#ins-icon-69d25e4562be8 .ins-icon-box-title, #ins-icon-69d25e4562be8 .ins-float-icon-box-title {color: #223645;}<\/style>\")\n\t\t\t\t\t})(jQuery);\n\t\t\t\t\t\t<\/script>[\/vc_column_inner][vc_column_inner offset=&#8221;vc_col-lg-4 vc_col-md-4&#8243;]<div id='ins-icon-69d25e4562c16' class='ins-float-icon-wrapper margin-20px-bottom ins-icon-box-align-left-basic   vc_custom_1588329795938 ins-animated fadeInUp' data-animation-delay=200><div class='ins-float-icon-inner position-relative'><i class='link-icon text-medium-gray icon-medium iconsmind-Bar-Chart'><\/i><\/div><div class='ins-float-icon-box-content'><div class='ins-float-icon-box-title text-extra-dark-gray margin-5px-bottom title-font font-weight-500 text-medium select'>B\u00fcy\u00fcmede S\u00fcreklilik<\/div><div class='last-paragraph-no-margin'><p class='ins-float-icon-box-text  default'>Uyumlu \u00e7al\u0131\u015fma ve y\u00fcksek motivasyon sahibi ekibimiz ile her zaman bir \u00fcst noktaya ula\u015fmay\u0131 hedefliyoruz.<\/p><\/div><\/div><\/div><script type=\"text\/javascript\">\n\t\t(function(jQuery) {jQuery(\"head\").append(\"<style>#ins-icon-69d25e4562c16 .ins-icon-box-title, #ins-icon-69d25e4562c16 .ins-float-icon-box-title {color: #223645;}<\/style>\")\n\t\t\t\t\t})(jQuery);\n\t\t\t\t\t\t<\/script>[\/vc_column_inner][vc_column_inner offset=&#8221;vc_col-lg-4 vc_col-md-4&#8243;]<div id='ins-icon-69d25e4562c3d' class='ins-float-icon-wrapper margin-20px-bottom ins-icon-box-align-left-basic   vc_custom_1588329987522 ins-animated fadeInUp' data-animation-delay=400><div class='ins-float-icon-inner position-relative'><i class='link-icon text-medium-gray icon-medium iconsmind-Idea-2'><\/i><\/div><div class='ins-float-icon-box-content'><div class='ins-float-icon-box-title text-extra-dark-gray margin-5px-bottom title-font font-weight-500 text-medium select'>Yenilik\u00e7i \u00c7\u00f6z\u00fcmler<\/div><div class='last-paragraph-no-margin'><p class='ins-float-icon-box-text  default'>Bili\u015fim alan\u0131ndaki yenilikleri yak\u0131ndan takip ediyoruz ve uzman kadromuz ile m\u00fc\u015fterilerimize en yeni ve uzun vadeli \u00e7\u00f6z\u00fcmleri sunuyoruz.<\/p><\/div><\/div><\/div><script type=\"text\/javascript\">\n\t\t(function(jQuery) {jQuery(\"head\").append(\"<style>#ins-icon-69d25e4562c3d .ins-icon-box-title, #ins-icon-69d25e4562c3d .ins-float-icon-box-title {color: #223645;}<\/style>\")\n\t\t\t\t\t})(jQuery);\n\t\t\t\t\t\t<\/script>[\/vc_column_inner][\/vc_row_inner][vc_row_inner][vc_column_inner offset=&#8221;vc_col-lg-4 vc_col-md-4&#8243;]<div id='ins-icon-69d25e4562c5f' class='ins-float-icon-wrapper margin-20px-bottom ins-icon-box-align-left-basic   vc_custom_1588331275880 ins-animated fadeInUp' data-animation-delay=200><div class='ins-float-icon-inner position-relative'><i class='link-icon text-medium-gray icon-medium iconsmind-Medal'><\/i><\/div><div class='ins-float-icon-box-content'><div class='ins-float-icon-box-title text-extra-dark-gray margin-5px-bottom title-font font-weight-500 text-medium select'>Sertifikal\u0131 Uzman Kadro<\/div><div class='last-paragraph-no-margin'><p class='ins-float-icon-box-text  default'>Mesleki temel uzmanl\u0131k e\u011fitimini belgelendirmi\u015f, g\u00fcncel e\u011fitimler ile en \u00fcst seviyede hizmet sunan uzman kadroya sahibiz.<\/p><\/div><\/div><\/div><script type=\"text\/javascript\">\n\t\t(function(jQuery) {jQuery(\"head\").append(\"<style>#ins-icon-69d25e4562c5f .ins-icon-box-title, #ins-icon-69d25e4562c5f .ins-float-icon-box-title {color: #223645;}<\/style>\")\n\t\t\t\t\t})(jQuery);\n\t\t\t\t\t\t<\/script>[\/vc_column_inner][vc_column_inner offset=&#8221;vc_col-lg-4 vc_col-md-4&#8243;]<div id='ins-icon-69d25e4562c7e' class='ins-float-icon-wrapper margin-20px-bottom ins-icon-box-align-left-basic   vc_custom_1588332029425 ins-animated fadeInUp' data-animation-delay=400><div class='ins-float-icon-inner position-relative'><i class='link-icon text-medium-gray icon-medium iconsmind-Target'><\/i><\/div><div class='ins-float-icon-box-content'><div class='ins-float-icon-box-title text-extra-dark-gray margin-5px-bottom title-font font-weight-500 text-medium select'>Hedefleme ve Konumland\u0131rma<\/div><div class='last-paragraph-no-margin'><p class='ins-float-icon-box-text  default'>Tecr\u00fcbemiz ile uzmanla\u015ft\u0131\u011f\u0131m\u0131z sekt\u00f6rlerde, en iyi verime sahip en d\u00fc\u015f\u00fck maliyetli \u00e7\u00f6z\u00fcmleri size sunuyoruz.<\/p><\/div><\/div><\/div><script type=\"text\/javascript\">\n\t\t(function(jQuery) {jQuery(\"head\").append(\"<style>#ins-icon-69d25e4562c7e .ins-icon-box-title, #ins-icon-69d25e4562c7e .ins-float-icon-box-title {color: #223645;}<\/style>\")\n\t\t\t\t\t})(jQuery);\n\t\t\t\t\t\t<\/script>[\/vc_column_inner][vc_column_inner offset=&#8221;vc_col-lg-4 vc_col-md-4&#8243;]<div id='ins-icon-69d25e4562c9c' class='ins-float-icon-wrapper margin-20px-bottom ins-icon-box-align-left-basic   vc_custom_1588332211309 ins-animated fadeInUp' data-animation-delay=600><div class='ins-float-icon-inner position-relative'><i class='link-icon text-medium-gray icon-medium iconsmind-Add-UserStar'><\/i><\/div><div class='ins-float-icon-box-content'><div class='ins-float-icon-box-title text-extra-dark-gray margin-5px-bottom title-font font-weight-500 text-medium select'>Ki\u015fisel Yakla\u015f\u0131m<\/div><div class='last-paragraph-no-margin'><p class='ins-float-icon-box-text  default'>Her m\u00fc\u015fterimizin sistem yap\u0131s\u0131 ve gerekliliklerini dikkatle inceleyip, ki\u015fiselle\u015ftirilmi\u015f \u00f6zel \u00e7\u00f6z\u00fcmler sa\u011fl\u0131yoruz.<\/p><\/div><\/div><\/div><script type=\"text\/javascript\">\n\t\t(function(jQuery) {jQuery(\"head\").append(\"<style>#ins-icon-69d25e4562c9c .ins-icon-box-title, #ins-icon-69d25e4562c9c .ins-float-icon-box-title {color: #223645;}<\/style>\")\n\t\t\t\t\t})(jQuery);\n\t\t\t\t\t\t<\/script>[\/vc_column_inner][\/vc_row_inner][\/vc_column][\/vc_row][vc_row full_width=&#8221;stretch_row&#8221; css=&#8221;.vc_custom_1557742806790{margin-bottom: 100px !important;background: #f7f7f7 url(http:\/\/www.insigniawpthemes.co.in\/innvoke\/wp-content\/uploads\/2019\/04\/emerson-bg-5.jpg?id=1555) !important;background-position: 0 0 !important;background-repeat: no-repeat !important;}&#8221;][vc_column css=&#8221;.vc_custom_1555564039363{padding-top: 110px !important;padding-bottom: 110px !important;}&#8221;][vc_raw_html css=&#8221;.vc_custom_1647264629889{margin-bottom: 50px !important;}&#8221;]JTNDaDQlMjBzdHlsZSUzRCUyMnRleHQtYWxpZ24lM0ElMjBjZW50ZXIlMjIlM0VCaXIlQzMlQTdvayUyMHNla3QlQzMlQjZyZGVuJTIwaGl6bWV0JTIwdmVyZGklQzQlOUZpbWl6JTIwJTIwJTNDc3BhbiUyMGNsYXNzJTNEJTIycGMlMjIlM0ViYXolQzQlQjElMjBpJUM1JTlGbGV0bWVsZXIuJTNDJTJGc3BhbiUzRSUyMCUzQyUyRmg0JTNF[\/vc_raw_html][vc_single_image image=&#8221;7480&#8243; img_size=&#8221;full&#8221; alignment=&#8221;center&#8221; onclick=&#8221;custom_link&#8221; img_link_target=&#8221;_blank&#8221; css_animation=&#8221;fadeInUp&#8221; link=&#8221;https:\/\/www.provit.com.tr\/index.php\/bazi-referanslarimiz\/&#8221; title=&#8221;Baz\u0131 Referanslar\u0131m\u0131z&#8221;][\/vc_column][\/vc_row]<\/p>\n<\/section>","protected":false},"excerpt":{"rendered":"<p>[vc_row][vc_column][rev_slider_vc alias=&#8221;home-3&#8243;][\/vc_column][\/vc_row][vc_row gap=&#8221;20&#8243; css=&#8221;.vc_custom_1552469779849{margin-top: 40px !important;margin-bottom: 70px !important;}&#8221;][vc_column offset=&#8221;vc_col-lg-6 vc_col-md-6&#8243;][vc_single_image image=&#8221;2315&#8243; img_size=&#8221;full&#8221;][\/vc_column][vc_column offset=&#8221;vc_col-lg-6 vc_col-md-6&#8243;][vc_custom_heading text=&#8221;\u0130\u015fletmeniz i\u00e7in IT Uzmanl\u0131\u011f\u0131&#8221; font_container=&#8221;tag:h6|text_align:left|color:%23baa1c9&#8243; use_theme_fonts=&#8221;yes&#8221; [&hellip;]<\/p>\n","protected":false},"author":9,"featured_media":0,"parent":0,"menu_order":0,"comment_status":"closed","ping_status":"closed","template":"","meta":{"footnotes":""},"class_list":["post-412","page","type-page","status-publish","hentry"],"_links":{"self":[{"href":"https:\/\/www.provit.com.tr\/index.php\/wp-json\/wp\/v2\/pages\/412","targetHints":{"allow":["GET"]}}],"collection":[{"href":"https:\/\/www.provit.com.tr\/index.php\/wp-json\/wp\/v2\/pages"}],"about":[{"href":"https:\/\/www.provit.com.tr\/index.php\/wp-json\/wp\/v2\/types\/page"}],"author":[{"embeddable":true,"href":"https:\/\/www.provit.com.tr\/index.php\/wp-json\/wp\/v2\/users\/9"}],"replies":[{"embeddable":true,"href":"https:\/\/www.provit.com.tr\/index.php\/wp-json\/wp\/v2\/comments?post=412"}],"version-history":[{"count":43,"href":"https:\/\/www.provit.com.tr\/index.php\/wp-json\/wp\/v2\/pages\/412\/revisions"}],"predecessor-version":[{"id":7804,"href":"https:\/\/www.provit.com.tr\/index.php\/wp-json\/wp\/v2\/pages\/412\/revisions\/7804"}],"wp:attachment":[{"href":"https:\/\/www.provit.com.tr\/index.php\/wp-json\/wp\/v2\/media?parent=412"}],"curies":[{"name":"wp","href":"https:\/\/api.w.org\/{rel}","templated":true}]}}