{"id":6804,"date":"2020-05-02T10:16:56","date_gmt":"2020-05-02T10:16:56","guid":{"rendered":"http:\/\/www.provit.com.tr\/?page_id=6804"},"modified":"2020-05-03T20:36:09","modified_gmt":"2020-05-03T20:36:09","slug":"sunucu-sanallastirma","status":"publish","type":"page","link":"https:\/\/www.provit.com.tr\/index.php\/cozumlerimiz\/sanallastirma-cozumlerimiz\/sunucu-sanallastirma\/","title":{"rendered":"Sunucu Sanalla\u015ft\u0131rma"},"content":{"rendered":"<section class=\"wpb-content-wrapper\"><p>[vc_row][vc_column][vc_column_text]Sunucu Sanalla\u015ft\u0131rma, oda\u011f\u0131n\u0131z\u0131 verimlilik ve inovasyona kayd\u0131rman\u0131za imkan veren bir teknolojidir. Sanalla\u015ft\u0131rma, pazar de\u011fi\u015fikliklerine ve kullan\u0131c\u0131 taleplerine daha h\u0131zl\u0131 ve daha verimli \u015fekilde yan\u0131t vermenize imkan tan\u0131r. Sanalla\u015ft\u0131rma ayn\u0131 zamanda, sunucu say\u0131s\u0131, bak\u0131m, veri merkezi alan\u0131, g\u00fc\u00e7 ve so\u011futma maliyetlerinde \u00f6nemli \u00f6l\u00e7\u00fcde tasarruf sa\u011flamakla birlikte veri merkezlerindeki planl\u0131 kesinti s\u00fcresini azalt\u0131r ve olu\u015fabilecek \u00f6ng\u00f6r\u00fclememi\u015f sorunlar\u0131n riskini azalt\u0131r.<\/p>\n<p><strong>Sunucu Sanalla\u015ft\u0131rman\u0131n Ba\u015fl\u0131ca Faydalar\u0131:<\/strong>[\/vc_column_text]<div id='ins-list-icon-69f34dd8a3207' class='ins-simple-icon-list margin-20px-bottom ins-icon-list-simple list-icon-small select   ' ><ul class='ins-simple-icon-list-inner list-style-none no-padding'><li class='ins-list-style margin-15px-bottom position-relative'><i class='ins-icon-list-icon margin-10px-right display-inline-block position-absolute left-0 fa fa-check'><\/i> Yeni donan\u0131m yat\u0131r\u0131m yapmadan dakikalar i\u00e7inde ek sunucular olu\u015fturman\u0131za<\/li><li class='ins-list-style margin-15px-bottom position-relative'><i class='ins-icon-list-icon margin-10px-right display-inline-block position-absolute left-0 fa fa-check'><\/i> <\/li><li class='ins-list-style margin-15px-bottom position-relative'><i class='ins-icon-list-icon margin-10px-right display-inline-block position-absolute left-0 fa fa-check'><\/i> Ayn\u0131 fiziksel sunucuda birden fazla i\u015fletim sistemi \u00e7al\u0131\u015ft\u0131rman\u0131za<\/li><li class='ins-list-style margin-15px-bottom position-relative'><i class='ins-icon-list-icon margin-10px-right display-inline-block position-absolute left-0 fa fa-check'><\/i> <\/li><li class='ins-list-style margin-15px-bottom position-relative'><i class='ins-icon-list-icon margin-10px-right display-inline-block position-absolute left-0 fa fa-check'><\/i> Sanal sunucular\u0131 yeniden yap\u0131land\u0131rma olmadan bir fiziksel sunucudan di\u011ferine kesintisiz ta\u015f\u0131man\u0131za<\/li><li class='ins-list-style margin-15px-bottom position-relative'><i class='ins-icon-list-icon margin-10px-right display-inline-block position-absolute left-0 fa fa-check'><\/i> <\/li><li class='ins-list-style margin-15px-bottom position-relative'><i class='ins-icon-list-icon margin-10px-right display-inline-block position-absolute left-0 fa fa-check'><\/i> Sanal sunucular\u0131n online kaynak art\u0131r\u0131m<\/li><li class='ins-list-style margin-15px-bottom position-relative'><i class='ins-icon-list-icon margin-10px-right display-inline-block position-absolute left-0 fa fa-check'><\/i> <\/li><li class='ins-list-style margin-15px-bottom position-relative'><i class='ins-icon-list-icon margin-10px-right display-inline-block position-absolute left-0 fa fa-check'><\/i> Haz\u0131r Sanal sunucu derlemeleri ile kurulum ve yap\u0131land\u0131rma i\u015flemlerinizi h\u0131zland\u0131rmas\u0131na<\/li><li class='ins-list-style margin-15px-bottom position-relative'><i class='ins-icon-list-icon margin-10px-right display-inline-block position-absolute left-0 fa fa-check'><\/i> <\/li><li class='ins-list-style margin-15px-bottom position-relative'><i class='ins-icon-list-icon margin-10px-right display-inline-block position-absolute left-0 fa fa-check'><\/i> Sistem y\u00f6neticilerinin g\u00fcvenli bir sanal sunucu ortamlar\u0131n\u0131n test etmelerine<\/li><li class='ins-list-style margin-15px-bottom position-relative'><i class='ins-icon-list-icon margin-10px-right display-inline-block position-absolute left-0 fa fa-check'><\/i> <\/li><li class='ins-list-style margin-15px-bottom position-relative'><i class='ins-icon-list-icon margin-10px-right display-inline-block position-absolute left-0 fa fa-check'><\/i> Sa\u011flam\u0131\u015f oldu\u011fu Snapshot ve clone teknolojileri sayesinde i\u015fletim sistemleri yama ge\u00e7i\u015flerinde riskin s\u0131f\u0131ra indirilmesine imkan sa\u011flar.<\/li><li class='ins-list-style margin-15px-bottom position-relative'><i class='ins-icon-list-icon margin-10px-right display-inline-block position-absolute left-0 fa fa-check'><\/i> <\/li><\/ul><\/div><script type=\"text\/javascript\">\n\t\t(function(jQuery) {\n\t\t\t\t\t})(jQuery);\n\t\t\t\t\t\t<\/script>[vc_column_text]<\/p>\n<div id=\"wrapper\" class=\"\">\n<div id=\"primary\" class=\"content-area\">\n<p><main id=\"main\" class=\"site-main\" role=\"main\"><\/p>\n<section id=\"single-page\" class=\"section sunucu-sanallastirma\">\n<div class=\"container\">\n<div class=\"row single-page-content\">\n<div class=\"vc_row wpb_row vc_row-fluid\">\n<div class=\"wpb_column vc_column_container vc_col-sm-12\">\n<div class=\"vc_column-inner\">\n<div class=\"wpb_wrapper\">\n<div class=\"wpb_text_column wpb_content_element \">\n<div class=\"wpb_wrapper\">\n<p>Provit olarak VMware ve Microsoft sunucu sanalla\u015ft\u0131rma \u00e7\u00f6z\u00fcmleri konusunda dan\u0131\u015fmanl\u0131k, projelendirme ve destek hizmetleri sa\u011flamaktay\u0131z.<\/p>\n<\/div>\n<\/div>\n<\/div>\n<\/div>\n<\/div>\n<\/div>\n<\/div>\n<\/div>\n<\/section>\n<p><\/main><\/div>\n<\/div>\n<p>[\/vc_column_text][\/vc_column][\/vc_row]<\/p>\n<\/section>","protected":false},"excerpt":{"rendered":"<p>[vc_row][vc_column][vc_column_text]Sunucu Sanalla\u015ft\u0131rma, oda\u011f\u0131n\u0131z\u0131 verimlilik ve inovasyona kayd\u0131rman\u0131za imkan veren bir teknolojidir. Sanalla\u015ft\u0131rma, pazar de\u011fi\u015fikliklerine ve kullan\u0131c\u0131 taleplerine daha h\u0131zl\u0131 ve [&hellip;]<\/p>\n","protected":false},"author":9,"featured_media":0,"parent":2614,"menu_order":4,"comment_status":"closed","ping_status":"closed","template":"","meta":{"footnotes":""},"class_list":["post-6804","page","type-page","status-publish","hentry"],"_links":{"self":[{"href":"https:\/\/www.provit.com.tr\/index.php\/wp-json\/wp\/v2\/pages\/6804","targetHints":{"allow":["GET"]}}],"collection":[{"href":"https:\/\/www.provit.com.tr\/index.php\/wp-json\/wp\/v2\/pages"}],"about":[{"href":"https:\/\/www.provit.com.tr\/index.php\/wp-json\/wp\/v2\/types\/page"}],"author":[{"embeddable":true,"href":"https:\/\/www.provit.com.tr\/index.php\/wp-json\/wp\/v2\/users\/9"}],"replies":[{"embeddable":true,"href":"https:\/\/www.provit.com.tr\/index.php\/wp-json\/wp\/v2\/comments?post=6804"}],"version-history":[{"count":3,"href":"https:\/\/www.provit.com.tr\/index.php\/wp-json\/wp\/v2\/pages\/6804\/revisions"}],"predecessor-version":[{"id":7053,"href":"https:\/\/www.provit.com.tr\/index.php\/wp-json\/wp\/v2\/pages\/6804\/revisions\/7053"}],"up":[{"embeddable":true,"href":"https:\/\/www.provit.com.tr\/index.php\/wp-json\/wp\/v2\/pages\/2614"}],"wp:attachment":[{"href":"https:\/\/www.provit.com.tr\/index.php\/wp-json\/wp\/v2\/media?parent=6804"}],"curies":[{"name":"wp","href":"https:\/\/api.w.org\/{rel}","templated":true}]}}