{"id":6808,"date":"2020-05-02T10:20:06","date_gmt":"2020-05-02T10:20:06","guid":{"rendered":"http:\/\/www.provit.com.tr\/?page_id=6808"},"modified":"2020-05-03T20:38:40","modified_gmt":"2020-05-03T20:38:40","slug":"veri-depolama-sanallastirma","status":"publish","type":"page","link":"https:\/\/www.provit.com.tr\/index.php\/cozumlerimiz\/sanallastirma-cozumlerimiz\/veri-depolama-sanallastirma\/","title":{"rendered":"Veri Depolama Sanalla\u015ft\u0131rma"},"content":{"rendered":"<section class=\"wpb-content-wrapper\"><p>[vc_row][vc_column][vc_column_text]Yaz\u0131l\u0131m tabanl\u0131 bir depolama \u00e7\u00f6z\u00fcm\u00fcd\u00fcr. Y\u00f6netimi basitle\u015ftirir, toplam sahip olma maliyetini azalt\u0131r. \u00d6ng\u00f6r\u00fclebilir performans ve \u00f6l\u00e7eklenebilirlik sa\u011flar.<\/p>\n<p>Yaz\u0131l\u0131m tabanl\u0131 veri merkezine ge\u00e7me noktas\u0131nda temel ihtiyaclardan biri de veri depolama sistemlerinin sanalla\u015ft\u0131r\u0131lmas\u0131d\u0131r. Veri depolama sistemlerinin sanal katmanda yer almas\u0131 ile birlikte donan\u0131m \u00fcreticisi ba\u011f\u0131ml\u0131\u011f\u0131n\u0131n ortadan kalkmas\u0131 ve yaz\u0131l\u0131m tabanl\u0131 olman\u0131n getirmi\u015f oldu\u011fu esneklik gibi avantajlar\u0131 sa\u011flar.<br \/>\nYayg\u0131n olarak kullan\u0131lan Sunucu sanalla\u015ft\u0131rma \u00e7\u00f6z\u00fcm\u00fc Vmware Vsphere ile entegre \u00e7al\u0131\u015fan Vmware vSAN \u00e7\u00f6z\u00fcm\u00fc bu alanda \u00f6nc\u00fcl\u00fck yapmaktad\u0131r.<\/p>\n<p>Provit olarak, yaz\u0131l\u0131m tabanl\u0131 veri merkezi gereksinimlerinden biri olan veri depolama sanalla\u015ft\u0131rma \u00e7\u00f6z\u00fcmleri konusunda m\u00fc\u015fterilerimize sanal veri depolama sistemlerinde ge\u00e7i\u015f \u00f6ncesinde analiz \u00e7al\u0131\u015fmalar\u0131, uygunluk ve \u00e7\u00f6z\u00fcm \u00f6nerileri sunmaktay\u0131z.[\/vc_column_text][\/vc_column][\/vc_row]<\/p>\n<\/section>","protected":false},"excerpt":{"rendered":"<p>[vc_row][vc_column][vc_column_text]Yaz\u0131l\u0131m tabanl\u0131 bir depolama \u00e7\u00f6z\u00fcm\u00fcd\u00fcr. Y\u00f6netimi basitle\u015ftirir, toplam sahip olma maliyetini azalt\u0131r. \u00d6ng\u00f6r\u00fclebilir performans ve \u00f6l\u00e7eklenebilirlik sa\u011flar. Yaz\u0131l\u0131m tabanl\u0131 veri [&hellip;]<\/p>\n","protected":false},"author":9,"featured_media":0,"parent":2614,"menu_order":6,"comment_status":"closed","ping_status":"closed","template":"","meta":{"footnotes":""},"class_list":["post-6808","page","type-page","status-publish","hentry"],"_links":{"self":[{"href":"https:\/\/www.provit.com.tr\/index.php\/wp-json\/wp\/v2\/pages\/6808","targetHints":{"allow":["GET"]}}],"collection":[{"href":"https:\/\/www.provit.com.tr\/index.php\/wp-json\/wp\/v2\/pages"}],"about":[{"href":"https:\/\/www.provit.com.tr\/index.php\/wp-json\/wp\/v2\/types\/page"}],"author":[{"embeddable":true,"href":"https:\/\/www.provit.com.tr\/index.php\/wp-json\/wp\/v2\/users\/9"}],"replies":[{"embeddable":true,"href":"https:\/\/www.provit.com.tr\/index.php\/wp-json\/wp\/v2\/comments?post=6808"}],"version-history":[{"count":3,"href":"https:\/\/www.provit.com.tr\/index.php\/wp-json\/wp\/v2\/pages\/6808\/revisions"}],"predecessor-version":[{"id":7055,"href":"https:\/\/www.provit.com.tr\/index.php\/wp-json\/wp\/v2\/pages\/6808\/revisions\/7055"}],"up":[{"embeddable":true,"href":"https:\/\/www.provit.com.tr\/index.php\/wp-json\/wp\/v2\/pages\/2614"}],"wp:attachment":[{"href":"https:\/\/www.provit.com.tr\/index.php\/wp-json\/wp\/v2\/media?parent=6808"}],"curies":[{"name":"wp","href":"https:\/\/api.w.org\/{rel}","templated":true}]}}