{"id":6810,"date":"2020-05-02T10:21:45","date_gmt":"2020-05-02T10:21:45","guid":{"rendered":"http:\/\/www.provit.com.tr\/?page_id=6810"},"modified":"2020-05-03T20:38:37","modified_gmt":"2020-05-03T20:38:37","slug":"veri-merkezi-sanallastirma","status":"publish","type":"page","link":"https:\/\/www.provit.com.tr\/index.php\/cozumlerimiz\/sanallastirma-cozumlerimiz\/veri-merkezi-sanallastirma\/","title":{"rendered":"Veri Merkezi Sanalla\u015ft\u0131rma"},"content":{"rendered":"<section class=\"wpb-content-wrapper\"><p>[vc_row][vc_column][vc_column_text]Hedef ve stratejiniz ne olursa olsun, bulut bili\u015fim yolculu\u011fu sunucular\u0131n\u0131z\u0131n sanalla\u015ft\u0131rmas\u0131yla ba\u015flar. Sanal sunucular zamanla tamamen sanalla\u015ft\u0131r\u0131lm\u0131\u015f bir yaz\u0131l\u0131m tan\u0131ml\u0131 veri merkezi mimarisine do\u011fru evrilir. Provit sanal veri merkezleri olu\u015fturmaya giden bu yolculukta u\u00e7tan uca a\u011f olu\u015fturma, depolama ve g\u00fcvenli\u011fin sanalla\u015ft\u0131r\u0131lmas\u0131 hizmetlerini sunar. BT kaynaklar\u0131n\u0131n ve uygulamalar\u0131n\u0131n devreye alma s\u00fcrecini basitle\u015ftirir. Uygulamalar\u0131n ihtiya\u00e7 duydu\u011fu kaynaklar\u0131 dakikalar i\u00e7inde t\u00fcketime haz\u0131r hale getirir. Kurumlara \u00f6zel bulut y\u00f6netimiyle optimum performans, kapasite kullan\u0131m\u0131 ve uyumluluk sa\u011flar[\/vc_column_text][\/vc_column][\/vc_row][vc_row][vc_column width=&#8221;1\/3&#8243;][vc_hoverbox image=&#8221;6983&#8243; primary_title=&#8221;&#8221; hover_title=&#8221;vSphere&#8221; reverse=&#8221;true&#8221;]Ak\u0131ll\u0131 ve \u0130stikrarl\u0131 Operasyon Y\u00f6netimi[\/vc_hoverbox][vc_empty_space][\/vc_column][vc_column width=&#8221;1\/3&#8243;][vc_hoverbox image=&#8221;6986&#8243; primary_title=&#8221;&#8221; hover_title=&#8221;vSAN&#8221; reverse=&#8221;true&#8221;]Sanal Makineler i\u00e7in Basit Payla\u015f\u0131ml\u0131 Depolama[\/vc_hoverbox][vc_empty_space][\/vc_column][vc_column width=&#8221;1\/3&#8243;][vc_hoverbox image=&#8221;6982&#8243; primary_title=&#8221;&#8221; hover_title=&#8221;Site Recovery Manager&#8221; align=&#8221;left&#8221; reverse=&#8221;true&#8221;]Uygulamalar i\u00e7in Kolay Felaket Kurtarma[\/vc_hoverbox][vc_empty_space][\/vc_column][\/vc_row][vc_row][vc_column width=&#8221;1\/3&#8243;][vc_hoverbox image=&#8221;6984&#8243; primary_title=&#8221;&#8221; hover_title=&#8221;NSX&#8221; reverse=&#8221;true&#8221;]Sanal makinelerin operasyonel modelinin a\u011flar i\u00e7in uygulanmas\u0131.[\/vc_hoverbox][vc_empty_space][\/vc_column][vc_column width=&#8221;1\/3&#8243;][vc_hoverbox image=&#8221;6985&#8243; primary_title=&#8221;&#8221; hover_title=&#8221;vCloud Suite&#8221; reverse=&#8221;true&#8221;]\u00c7evik ve verimli bulut altyap\u0131s\u0131 i\u00e7in yaz\u0131l\u0131m tan\u0131ml\u0131 hizmetler ve y\u00f6netim otomasyonu[\/vc_hoverbox][vc_empty_space][\/vc_column][vc_column width=&#8221;1\/3&#8243;][vc_hoverbox image=&#8221;6983&#8243; primary_title=&#8221;&#8221; hover_title=&#8221;vSphere&#8221; reverse=&#8221;true&#8221;]Sunucu konsolidasyonu, y\u00fcksek eri\u015filebilirlik ve optimum kapasite i\u00e7in d\u00fcnyan\u0131n lider sanalla\u015ft\u0131rma \u00e7\u00f6z\u00fcm\u00fc.[\/vc_hoverbox][vc_empty_space][\/vc_column][\/vc_row]<\/p>\n<\/section>","protected":false},"excerpt":{"rendered":"<p>[vc_row][vc_column][vc_column_text]Hedef ve stratejiniz ne olursa olsun, bulut bili\u015fim yolculu\u011fu sunucular\u0131n\u0131z\u0131n sanalla\u015ft\u0131rmas\u0131yla ba\u015flar. Sanal sunucular zamanla tamamen sanalla\u015ft\u0131r\u0131lm\u0131\u015f bir yaz\u0131l\u0131m tan\u0131ml\u0131 [&hellip;]<\/p>\n","protected":false},"author":9,"featured_media":0,"parent":2614,"menu_order":7,"comment_status":"closed","ping_status":"closed","template":"","meta":{"footnotes":""},"class_list":["post-6810","page","type-page","status-publish","hentry"],"_links":{"self":[{"href":"https:\/\/www.provit.com.tr\/index.php\/wp-json\/wp\/v2\/pages\/6810","targetHints":{"allow":["GET"]}}],"collection":[{"href":"https:\/\/www.provit.com.tr\/index.php\/wp-json\/wp\/v2\/pages"}],"about":[{"href":"https:\/\/www.provit.com.tr\/index.php\/wp-json\/wp\/v2\/types\/page"}],"author":[{"embeddable":true,"href":"https:\/\/www.provit.com.tr\/index.php\/wp-json\/wp\/v2\/users\/9"}],"replies":[{"embeddable":true,"href":"https:\/\/www.provit.com.tr\/index.php\/wp-json\/wp\/v2\/comments?post=6810"}],"version-history":[{"count":4,"href":"https:\/\/www.provit.com.tr\/index.php\/wp-json\/wp\/v2\/pages\/6810\/revisions"}],"predecessor-version":[{"id":7056,"href":"https:\/\/www.provit.com.tr\/index.php\/wp-json\/wp\/v2\/pages\/6810\/revisions\/7056"}],"up":[{"embeddable":true,"href":"https:\/\/www.provit.com.tr\/index.php\/wp-json\/wp\/v2\/pages\/2614"}],"wp:attachment":[{"href":"https:\/\/www.provit.com.tr\/index.php\/wp-json\/wp\/v2\/media?parent=6810"}],"curies":[{"name":"wp","href":"https:\/\/api.w.org\/{rel}","templated":true}]}}