{"id":6822,"date":"2020-05-02T10:29:41","date_gmt":"2020-05-02T10:29:41","guid":{"rendered":"http:\/\/www.provit.com.tr\/?page_id=6822"},"modified":"2020-05-03T11:55:24","modified_gmt":"2020-05-03T11:55:24","slug":"ag-guvenligi","status":"publish","type":"page","link":"https:\/\/www.provit.com.tr\/index.php\/cozumlerimiz\/guvenlik-cozumlerimiz\/ag-guvenligi\/","title":{"rendered":"A\u011f G\u00fcvenli\u011fi"},"content":{"rendered":"<section class=\"wpb-content-wrapper\"><p>[vc_row][vc_column]<div id='ins-heading-69e1f49f9612d' class='section-heading ins-heading default default    '  style='margin-top:0; margin-bottom:0'><h3 class='section-heading-title margin-10px-top  font-weight-200 no-letter-spacing'>G\u00fcvenlik Duvar\u0131<\/h3><h6 class='section-heading-subtitle text-medium default no-letter-spacing'>Network ge\u00e7idine konumland\u0131r\u0131larak, kullan\u0131c\u0131lar\u0131n i\u00e7eride ve d\u0131\u015far\u0131da hangi protokollerle hangi kaynaklara ula\u015faca\u011f\u0131na dair kurallar\u0131n\u0131n tan\u0131mlanmas\u0131 i\u00e7in kullan\u0131l\u0131r.<\/h6><\/div><script type=\"text\/javascript\">\n\t\t(function(jQuery) {\n\t\t\t\t\t})(jQuery);\n\t\t\t\t\t\t<\/script>[vc_empty_space][\/vc_column][\/vc_row][vc_row][vc_column]<div id='ins-heading-69e1f49f96156' class='section-heading ins-heading default default    '  style='margin-top:0; margin-bottom:0'><h3 class='section-heading-title margin-10px-top  font-weight-200 no-letter-spacing'>Network Eri\u015fim Kontrol\u00fc-NAC<\/h3><h6 class='section-heading-subtitle text-medium default no-letter-spacing'>Network eri\u015fim kontrol\u00fc teknolojisi, cihazlar\u0131 sisteme tan\u0131mlay\u0131p omurga anahtar seviyesinde bunlar\u0131n a\u011fa dahil olmas\u0131n\u0131 engellemek veya izin vermek yerine, kullan\u0131c\u0131lar\u0131n hangi cihaz\u0131yla (PC, laptop, smartphone vb.) hangi lokasyondan (i\u015f, ev, cafe vb.) kurum kaynaklar\u0131na eri\u015fmeye \u00e7al\u0131\u015ft\u0131\u011f\u0131n\u0131 alg\u0131layarak buna g\u00f6re eri\u015fim yetkilerini belirlemeye yarayan \u00e7\u00f6z\u00fcmleri i\u00e7erir.<\/h6><\/div><script type=\"text\/javascript\">\n\t\t(function(jQuery) {\n\t\t\t\t\t})(jQuery);\n\t\t\t\t\t\t<\/script>[vc_empty_space][\/vc_column][\/vc_row][vc_row][vc_column]<div id='ins-heading-69e1f49f9616e' class='section-heading ins-heading default default    '  style='margin-top:0; margin-bottom:0'><h3 class='section-heading-title margin-10px-top  font-weight-200 no-letter-spacing'>Atak \u00d6nleme Sistemi-IPS<\/h3><h6 class='section-heading-subtitle text-medium default no-letter-spacing'>D\u0131\u015far\u0131dan veya i\u00e7eriden a\u011fa yap\u0131lacak sald\u0131r\u0131lar veri kayb\u0131na yol a\u00e7t\u0131\u011f\u0131 gibi sistemleri eri\u015filemez haline getirmeyi de ama\u00e7lar. Milyonlarca kullan\u0131c\u0131n\u0131n olu\u015fturdu\u011fu botnet a\u011flar\u0131 \u00fczerinden yap\u0131lan sald\u0131r\u0131larla kurumlar\u0131n bant geni\u015fli\u011finin yo\u011fun trafik y\u00fcz\u00fcnden kullan\u0131lamaz hale getirilmesi bu tip sald\u0131r\u0131lara \u00f6rnektir. Atak \u00f6nleme sistemleri sunuculara \u00e7ok say\u0131da talep g\u00f6ndererek, sunucular\u0131 \u00e7al\u0131\u015famaz hale getiren sald\u0131r\u0131lar\u0131 \u00f6nlemeyi ama\u00e7lar.<\/h6><\/div><script type=\"text\/javascript\">\n\t\t(function(jQuery) {\n\t\t\t\t\t})(jQuery);\n\t\t\t\t\t\t<\/script>[\/vc_column][\/vc_row]<\/p>\n<\/section>","protected":false},"excerpt":{"rendered":"<p>[vc_row][vc_column][vc_empty_space][\/vc_column][\/vc_row][vc_row][vc_column][vc_empty_space][\/vc_column][\/vc_row][vc_row][vc_column][\/vc_column][\/vc_row]<\/p>\n","protected":false},"author":9,"featured_media":0,"parent":6818,"menu_order":2,"comment_status":"closed","ping_status":"closed","template":"","meta":{"footnotes":""},"class_list":["post-6822","page","type-page","status-publish","hentry"],"_links":{"self":[{"href":"https:\/\/www.provit.com.tr\/index.php\/wp-json\/wp\/v2\/pages\/6822","targetHints":{"allow":["GET"]}}],"collection":[{"href":"https:\/\/www.provit.com.tr\/index.php\/wp-json\/wp\/v2\/pages"}],"about":[{"href":"https:\/\/www.provit.com.tr\/index.php\/wp-json\/wp\/v2\/types\/page"}],"author":[{"embeddable":true,"href":"https:\/\/www.provit.com.tr\/index.php\/wp-json\/wp\/v2\/users\/9"}],"replies":[{"embeddable":true,"href":"https:\/\/www.provit.com.tr\/index.php\/wp-json\/wp\/v2\/comments?post=6822"}],"version-history":[{"count":2,"href":"https:\/\/www.provit.com.tr\/index.php\/wp-json\/wp\/v2\/pages\/6822\/revisions"}],"predecessor-version":[{"id":6991,"href":"https:\/\/www.provit.com.tr\/index.php\/wp-json\/wp\/v2\/pages\/6822\/revisions\/6991"}],"up":[{"embeddable":true,"href":"https:\/\/www.provit.com.tr\/index.php\/wp-json\/wp\/v2\/pages\/6818"}],"wp:attachment":[{"href":"https:\/\/www.provit.com.tr\/index.php\/wp-json\/wp\/v2\/media?parent=6822"}],"curies":[{"name":"wp","href":"https:\/\/api.w.org\/{rel}","templated":true}]}}