{"id":6850,"date":"2020-05-02T10:39:53","date_gmt":"2020-05-02T10:39:53","guid":{"rendered":"http:\/\/www.provit.com.tr\/?page_id=6850"},"modified":"2020-05-03T20:38:20","modified_gmt":"2020-05-03T20:38:20","slug":"bulut-yonetimi","status":"publish","type":"page","link":"https:\/\/www.provit.com.tr\/index.php\/cozumlerimiz\/bulut-cozumlerimiz\/bulut-yonetimi\/","title":{"rendered":"Bulut Y\u00f6netimi"},"content":{"rendered":"<section class=\"wpb-content-wrapper\"><p>[vc_row][vc_column][vc_column_text]\u0130\u015f s\u00fcreklili\u011fi ve k\u00fcreselle\u015fen rekabet ko\u015fullar\u0131 yeni teknolojilere h\u0131zl\u0131 adaptasyonu zorunlu k\u0131lmaktad\u0131r. Bu zorunluluk \u015firketleri donan\u0131m ba\u011f\u0131ml\u0131 klasik mimarilerden yaz\u0131l\u0131m tan\u0131ml\u0131 mimarilere ve bulut teknolojilerine y\u00f6nlendirmi\u015ftir. Bulut teknolojileri kurumlara de\u011fi\u015fimi y\u00f6netebildikleri oranda adaptasyon kolayl\u0131\u011f\u0131, i\u015f s\u00fcreklili\u011fi ve rekabet avantaj\u0131 kazand\u0131rm\u0131\u015f, kolayl\u0131k, esneklik ve ilk yat\u0131r\u0131m maliyetinden tasarruf sa\u011flamaktad\u0131r. Provit, konusunda uzman kadrosuyla bulut teknolojilerine adaptasyon s\u00fcrecinde u\u00e7tan uca dan\u0131\u015fmanl\u0131k ve teknik destek hizmeti vererek kurumlar\u0131n bu de\u011fi\u015fimi en iyi \u015fekilde y\u00f6netmelerine yard\u0131mc\u0131 olmaktad\u0131r.[\/vc_column_text][\/vc_column][\/vc_row]<\/p>\n<\/section>","protected":false},"excerpt":{"rendered":"<p>[vc_row][vc_column][vc_column_text]\u0130\u015f s\u00fcreklili\u011fi ve k\u00fcreselle\u015fen rekabet ko\u015fullar\u0131 yeni teknolojilere h\u0131zl\u0131 adaptasyonu zorunlu k\u0131lmaktad\u0131r. Bu zorunluluk \u015firketleri donan\u0131m ba\u011f\u0131ml\u0131 klasik mimarilerden yaz\u0131l\u0131m [&hellip;]<\/p>\n","protected":false},"author":9,"featured_media":0,"parent":6846,"menu_order":2,"comment_status":"closed","ping_status":"closed","template":"","meta":{"footnotes":""},"class_list":["post-6850","page","type-page","status-publish","hentry"],"_links":{"self":[{"href":"https:\/\/www.provit.com.tr\/index.php\/wp-json\/wp\/v2\/pages\/6850","targetHints":{"allow":["GET"]}}],"collection":[{"href":"https:\/\/www.provit.com.tr\/index.php\/wp-json\/wp\/v2\/pages"}],"about":[{"href":"https:\/\/www.provit.com.tr\/index.php\/wp-json\/wp\/v2\/types\/page"}],"author":[{"embeddable":true,"href":"https:\/\/www.provit.com.tr\/index.php\/wp-json\/wp\/v2\/users\/9"}],"replies":[{"embeddable":true,"href":"https:\/\/www.provit.com.tr\/index.php\/wp-json\/wp\/v2\/comments?post=6850"}],"version-history":[{"count":5,"href":"https:\/\/www.provit.com.tr\/index.php\/wp-json\/wp\/v2\/pages\/6850\/revisions"}],"predecessor-version":[{"id":7058,"href":"https:\/\/www.provit.com.tr\/index.php\/wp-json\/wp\/v2\/pages\/6850\/revisions\/7058"}],"up":[{"embeddable":true,"href":"https:\/\/www.provit.com.tr\/index.php\/wp-json\/wp\/v2\/pages\/6846"}],"wp:attachment":[{"href":"https:\/\/www.provit.com.tr\/index.php\/wp-json\/wp\/v2\/media?parent=6850"}],"curies":[{"name":"wp","href":"https:\/\/api.w.org\/{rel}","templated":true}]}}